{"id":840,"date":"2025-07-03T02:08:00","date_gmt":"2025-07-03T02:08:00","guid":{"rendered":"https:\/\/purehdx.me\/?page_id=840"},"modified":"2025-08-04T04:02:18","modified_gmt":"2025-08-04T04:02:18","slug":"about-us","status":"publish","type":"page","link":"https:\/\/purehdx.me\/de\/about-us\/","title":{"rendered":"\u00dcber uns"},"content":{"rendered":"<div data-elementor-type=\"wp-page\" data-elementor-id=\"840\" class=\"elementor elementor-840\" data-elementor-settings=\"{&quot;ha_cmc_init_switcher&quot;:&quot;no&quot;}\" data-elementor-post-type=\"page\">\n\t\t\t\t<div class=\"elementor-element elementor-element-ff52f39 e-flex e-con-boxed e-con e-parent\" data-id=\"ff52f39\" data-element_type=\"container\" id=\"blob-zone\" data-settings=\"{&quot;_ha_eqh_enable&quot;:false}\">\n\t\t\t\t\t<div class=\"e-con-inner\">\n\t\t\t\t<div class=\"elementor-element elementor-element-f2e35de elementor-widget elementor-widget-html\" data-id=\"f2e35de\" data-element_type=\"widget\" data-widget_type=\"html.default\">\n\t\t\t\t<div class=\"elementor-widget-container\">\n\t\t\t\t\t<div class=\"blob-middle\"><\/div>\n\t\t\t\t<\/div>\n\t\t\t\t<\/div>\n\t\t\t\t<div class=\"elementor-element elementor-element-a3f0e05 elementor-widget elementor-widget-heading\" data-id=\"a3f0e05\" data-element_type=\"widget\" data-widget_type=\"heading.default\">\n\t\t\t\t<div class=\"elementor-widget-container\">\n\t\t\t\t\t<h2 class=\"elementor-heading-title elementor-size-default\"><span class=\"txt-gradient\">Reines HD<\/span>  hebt jeden Bildschirm auf ein neues Niveau<\/h2>\t\t\t\t<\/div>\n\t\t\t\t<\/div>\n\t\t\t\t<div class=\"elementor-element elementor-element-1ac81f9 elementor-widget elementor-widget-text-editor\" data-id=\"1ac81f9\" data-element_type=\"widget\" data-widget_type=\"text-editor.default\">\n\t\t\t\t<div class=\"elementor-widget-container\">\n\t\t\t\t\t\t\t\t\t<p>Welcome to <strong data-start=\"50\" data-end=\"61\">PURE HD<\/strong>, Ihr zentrales Portal zu erstklassiger Unterhaltung. Entdecken Sie <strong data-start=\"124\" data-end=\"149\">Mehr als 38.000 Live-Kan\u00e4le <\/strong><strong data-start=\"159\" data-end=\"196\">135 000+ movies &amp; 34 000+ series<\/strong>Alles wird in kristallklarem HD und 4K gestreamt \u2013 egal wo Sie sind.<\/p>\t\t\t\t\t\t\t\t<\/div>\n\t\t\t\t<\/div>\n\t\t\t\t<div class=\"elementor-element elementor-element-ea2c70a elementor-widget elementor-widget-text-editor\" data-id=\"ea2c70a\" data-element_type=\"widget\" data-widget_type=\"text-editor.default\">\n\t\t\t\t<div class=\"elementor-widget-container\">\n\t\t\t\t\t\t\t\t\t<p>Unser Service ist perfekt auf die Bed\u00fcrfnisse moderner Zuschauer zugeschnitten: blitzschnelle Aktivierung, sichere Bezahlung und nahtlose Wiedergabe auf Smart-TVs, Fire TV Stick, Smartphones, Tablets und mehr. Genie\u00dfen Sie den vollst\u00e4ndigen elektronischen Programmf\u00fchrer (EPG), Pay-per-View-Events und flexible Abonnements f\u00fcr mehrere Ger\u00e4te.<\/p>\t\t\t\t\t\t\t\t<\/div>\n\t\t\t\t<\/div>\n\t\t\t\t\t<\/div>\n\t\t\t\t<\/div>\n\t\t<div class=\"elementor-element elementor-element-2e4e55a e-flex e-con-boxed e-con e-parent\" data-id=\"2e4e55a\" data-element_type=\"container\" data-settings=\"{&quot;_ha_eqh_enable&quot;:false}\">\n\t\t\t\t\t<div class=\"e-con-inner\">\n\t\t<div class=\"elementor-element elementor-element-152cd36 e-con-full e-flex e-con e-child\" data-id=\"152cd36\" data-element_type=\"container\" data-settings=\"{&quot;background_background&quot;:&quot;classic&quot;,&quot;_ha_eqh_enable&quot;:false}\">\n\t\t\t\t<div class=\"elementor-element elementor-element-1719123 elementor-widget elementor-widget-heading\" data-id=\"1719123\" data-element_type=\"widget\" data-widget_type=\"heading.default\">\n\t\t\t\t<div class=\"elementor-widget-container\">\n\t\t\t\t\t<h2 class=\"elementor-heading-title elementor-size-default\"><span class=\"txt-gradient\">24 \/ 7<\/span> <\/h2>\t\t\t\t<\/div>\n\t\t\t\t<\/div>\n\t\t\t\t<div class=\"elementor-element elementor-element-3937241 elementor-widget elementor-widget-heading\" data-id=\"3937241\" data-element_type=\"widget\" data-widget_type=\"heading.default\">\n\t\t\t\t<div class=\"elementor-widget-container\">\n\t\t\t\t\t<h2 class=\"elementor-heading-title elementor-size-default\">VIP Support<\/h2>\t\t\t\t<\/div>\n\t\t\t\t<\/div>\n\t\t\t\t<div class=\"elementor-element elementor-element-ede218e elementor-widget-divider--view-line elementor-widget elementor-widget-divider\" data-id=\"ede218e\" data-element_type=\"widget\" data-widget_type=\"divider.default\">\n\t\t\t\t<div class=\"elementor-widget-container\">\n\t\t\t\t\t\t\t<div class=\"elementor-divider\">\n\t\t\t<span class=\"elementor-divider-separator\">\n\t\t\t\t\t\t<\/span>\n\t\t<\/div>\n\t\t\t\t\t\t<\/div>\n\t\t\t\t<\/div>\n\t\t\t\t<div class=\"elementor-element elementor-element-86f2ab4 elementor-widget elementor-widget-text-editor\" data-id=\"86f2ab4\" data-element_type=\"widget\" data-widget_type=\"text-editor.default\">\n\t\t\t\t<div class=\"elementor-widget-container\">\n\t\t\t\t\t\t\t\t\t<p>WhatsApp &amp; e-mail help\u2014around the clock, 365 days.<\/p>\t\t\t\t\t\t\t\t<\/div>\n\t\t\t\t<\/div>\n\t\t\t\t<\/div>\n\t\t<div class=\"elementor-element elementor-element-7ffa3a1 e-con-full e-flex e-con e-child\" data-id=\"7ffa3a1\" data-element_type=\"container\" data-settings=\"{&quot;background_background&quot;:&quot;classic&quot;,&quot;_ha_eqh_enable&quot;:false}\">\n\t\t\t\t<div class=\"elementor-element elementor-element-6094b58 elementor-widget elementor-widget-heading\" data-id=\"6094b58\" data-element_type=\"widget\" data-widget_type=\"heading.default\">\n\t\t\t\t<div class=\"elementor-widget-container\">\n\t\t\t\t\t<h2 class=\"elementor-heading-title elementor-size-default\"><span class=\"txt-gradient\">99.9 %<\/span> <\/h2>\t\t\t\t<\/div>\n\t\t\t\t<\/div>\n\t\t\t\t<div class=\"elementor-element elementor-element-d2f2798 elementor-widget elementor-widget-heading\" data-id=\"d2f2798\" data-element_type=\"widget\" data-widget_type=\"heading.default\">\n\t\t\t\t<div class=\"elementor-widget-container\">\n\t\t\t\t\t<h2 class=\"elementor-heading-title elementor-size-default\">Uptime<\/h2>\t\t\t\t<\/div>\n\t\t\t\t<\/div>\n\t\t\t\t<div class=\"elementor-element elementor-element-36e102f elementor-widget-divider--view-line elementor-widget elementor-widget-divider\" data-id=\"36e102f\" data-element_type=\"widget\" data-widget_type=\"divider.default\">\n\t\t\t\t<div class=\"elementor-widget-container\">\n\t\t\t\t\t\t\t<div class=\"elementor-divider\">\n\t\t\t<span class=\"elementor-divider-separator\">\n\t\t\t\t\t\t<\/span>\n\t\t<\/div>\n\t\t\t\t\t\t<\/div>\n\t\t\t\t<\/div>\n\t\t\t\t<div class=\"elementor-element elementor-element-20d35a0 elementor-widget elementor-widget-text-editor\" data-id=\"20d35a0\" data-element_type=\"widget\" data-widget_type=\"text-editor.default\">\n\t\t\t\t<div class=\"elementor-widget-container\">\n\t\t\t\t\t\t\t\t\t<p>Tier-1 servers on three continents keep streams smooth and buffer-free.<\/p>\t\t\t\t\t\t\t\t<\/div>\n\t\t\t\t<\/div>\n\t\t\t\t<\/div>\n\t\t<div class=\"elementor-element elementor-element-6ec95f3 e-con-full e-flex e-con e-child\" data-id=\"6ec95f3\" data-element_type=\"container\" data-settings=\"{&quot;background_background&quot;:&quot;classic&quot;,&quot;_ha_eqh_enable&quot;:false}\">\n\t\t\t\t<div class=\"elementor-element elementor-element-c3c47c7 elementor-widget elementor-widget-heading\" data-id=\"c3c47c7\" data-element_type=\"widget\" data-widget_type=\"heading.default\">\n\t\t\t\t<div class=\"elementor-widget-container\">\n\t\t\t\t\t<h2 class=\"elementor-heading-title elementor-size-default\"><span class=\"txt-gradient\">6 Years<\/span> <\/h2>\t\t\t\t<\/div>\n\t\t\t\t<\/div>\n\t\t\t\t<div class=\"elementor-element elementor-element-b18f6ed elementor-widget elementor-widget-heading\" data-id=\"b18f6ed\" data-element_type=\"widget\" data-widget_type=\"heading.default\">\n\t\t\t\t<div class=\"elementor-widget-container\">\n\t\t\t\t\t<h2 class=\"elementor-heading-title elementor-size-default\">In Business<\/h2>\t\t\t\t<\/div>\n\t\t\t\t<\/div>\n\t\t\t\t<div class=\"elementor-element elementor-element-2e5f1e2 elementor-widget-divider--view-line elementor-widget elementor-widget-divider\" data-id=\"2e5f1e2\" data-element_type=\"widget\" data-widget_type=\"divider.default\">\n\t\t\t\t<div class=\"elementor-widget-container\">\n\t\t\t\t\t\t\t<div class=\"elementor-divider\">\n\t\t\t<span class=\"elementor-divider-separator\">\n\t\t\t\t\t\t<\/span>\n\t\t<\/div>\n\t\t\t\t\t\t<\/div>\n\t\t\t\t<\/div>\n\t\t\t\t<div class=\"elementor-element elementor-element-f850421 elementor-widget elementor-widget-text-editor\" data-id=\"f850421\" data-element_type=\"widget\" data-widget_type=\"text-editor.default\">\n\t\t\t\t<div class=\"elementor-widget-container\">\n\t\t\t\t\t\t\t\t\t<p>Delivering reliable IPTV since 2018\u2014growing stronger every season.<\/p>\t\t\t\t\t\t\t\t<\/div>\n\t\t\t\t<\/div>\n\t\t\t\t<\/div>\n\t\t<div class=\"elementor-element elementor-element-961577e e-con-full e-flex e-con e-child\" data-id=\"961577e\" data-element_type=\"container\" data-settings=\"{&quot;background_background&quot;:&quot;classic&quot;,&quot;_ha_eqh_enable&quot;:false}\">\n\t\t\t\t<div class=\"elementor-element elementor-element-99faff7 elementor-widget elementor-widget-heading\" data-id=\"99faff7\" data-element_type=\"widget\" data-widget_type=\"heading.default\">\n\t\t\t\t<div class=\"elementor-widget-container\">\n\t\t\t\t\t<h2 class=\"elementor-heading-title elementor-size-default\"><span class=\"txt-gradient\">15 000 +<\/span> <\/h2>\t\t\t\t<\/div>\n\t\t\t\t<\/div>\n\t\t\t\t<div class=\"elementor-element elementor-element-ff80b2c elementor-widget elementor-widget-heading\" data-id=\"ff80b2c\" data-element_type=\"widget\" data-widget_type=\"heading.default\">\n\t\t\t\t<div class=\"elementor-widget-container\">\n\t\t\t\t\t<h2 class=\"elementor-heading-title elementor-size-default\">Happy Customers<\/h2>\t\t\t\t<\/div>\n\t\t\t\t<\/div>\n\t\t\t\t<div class=\"elementor-element elementor-element-a0d9a84 elementor-widget-divider--view-line elementor-widget elementor-widget-divider\" data-id=\"a0d9a84\" data-element_type=\"widget\" data-widget_type=\"divider.default\">\n\t\t\t\t<div class=\"elementor-widget-container\">\n\t\t\t\t\t\t\t<div class=\"elementor-divider\">\n\t\t\t<span class=\"elementor-divider-separator\">\n\t\t\t\t\t\t<\/span>\n\t\t<\/div>\n\t\t\t\t\t\t<\/div>\n\t\t\t\t<\/div>\n\t\t\t\t<div class=\"elementor-element elementor-element-019df91 elementor-widget elementor-widget-text-editor\" data-id=\"019df91\" data-element_type=\"widget\" data-widget_type=\"text-editor.default\">\n\t\t\t\t<div class=\"elementor-widget-container\">\n\t\t\t\t\t\t\t\t\t<p>Viewers in 120+ countries trust PURE HD for their daily entertainment.<\/p>\t\t\t\t\t\t\t\t<\/div>\n\t\t\t\t<\/div>\n\t\t\t\t<\/div>\n\t\t\t\t\t<\/div>\n\t\t\t\t<\/div>\n\t\t<div class=\"elementor-element elementor-element-f2d629a e-flex e-con-boxed e-con e-parent\" data-id=\"f2d629a\" data-element_type=\"container\" data-settings=\"{&quot;_ha_eqh_enable&quot;:false}\">\n\t\t\t\t\t<div class=\"e-con-inner\">\n\t\t<div class=\"elementor-element elementor-element-d211645 e-con-full e-flex e-con e-child\" data-id=\"d211645\" data-element_type=\"container\" data-settings=\"{&quot;_ha_eqh_enable&quot;:false}\">\n\t\t\t\t<div class=\"elementor-element elementor-element-5e04fc3 elementor-widget elementor-widget-heading\" data-id=\"5e04fc3\" data-element_type=\"widget\" data-widget_type=\"heading.default\">\n\t\t\t\t<div class=\"elementor-widget-container\">\n\t\t\t\t\t<h2 class=\"elementor-heading-title elementor-size-default\"><span class=\"txt-gradient\">The Journey<\/span><\/h2>\t\t\t\t<\/div>\n\t\t\t\t<\/div>\n\t\t\t\t<div class=\"elementor-element elementor-element-1a0903d elementor-widget elementor-widget-text-editor\" data-id=\"1a0903d\" data-element_type=\"widget\" data-widget_type=\"text-editor.default\">\n\t\t\t\t<div class=\"elementor-widget-container\">\n\t\t\t\t\t\t\t\t\t<p>Launched in <strong data-start=\"79\" data-end=\"136\">2018 as Pure HD\u2019s side-project for friends and family<\/strong>, our service quickly snowballed as word spread about its rock-solid streams and huge content library. Six years later we operate redundant POPs in <strong data-start=\"284\" data-end=\"321\">North America, Europe and Oceania<\/strong>, deliver <strong data-start=\"124\" data-end=\"149\">Mehr als 38.000 Live-Kan\u00e4le <\/strong><strong data-start=\"159\" data-end=\"196\">135 000+ movies &amp; 34 000+ series<\/strong>, and power entertainment for more than <strong data-start=\"424\" data-end=\"456\">15 000 households world-wide<\/strong>. What began as an after-hours passion has grown into a full-time mission: <em data-start=\"531\" data-end=\"597\">make premium TV effortless, affordable and available everywhere.<\/em><\/p>\t\t\t\t\t\t\t\t<\/div>\n\t\t\t\t<\/div>\n\t\t\t\t<\/div>\n\t\t<div class=\"elementor-element elementor-element-2554ead e-con-full e-flex e-con e-child\" data-id=\"2554ead\" data-element_type=\"container\" data-settings=\"{&quot;_ha_eqh_enable&quot;:false}\">\n\t\t\t\t<div class=\"elementor-element elementor-element-0ac9e6c elementor-widget elementor-widget-image\" data-id=\"0ac9e6c\" data-element_type=\"widget\" data-widget_type=\"image.default\">\n\t\t\t\t<div class=\"elementor-widget-container\">\n\t\t\t\t\t\t\t\t\t\t\t\t\t\t\t<img fetchpriority=\"high\" decoding=\"async\" width=\"800\" height=\"534\" src=\"https:\/\/purehdx.me\/wp-content\/uploads\/2025\/07\/ph4devices-1024x683.png\" class=\"attachment-large size-large wp-image-902\" alt=\"\" srcset=\"https:\/\/purehdx.me\/wp-content\/uploads\/2025\/07\/ph4devices-1024x683.png 1024w, https:\/\/purehdx.me\/wp-content\/uploads\/2025\/07\/ph4devices-300x200.png 300w, https:\/\/purehdx.me\/wp-content\/uploads\/2025\/07\/ph4devices-768x512.png 768w, https:\/\/purehdx.me\/wp-content\/uploads\/2025\/07\/ph4devices.png 1536w\" sizes=\"(max-width: 800px) 100vw, 800px\" \/>\t\t\t\t\t\t\t\t\t\t\t\t\t\t\t<\/div>\n\t\t\t\t<\/div>\n\t\t\t\t<\/div>\n\t\t\t\t\t<\/div>\n\t\t\t\t<\/div>\n\t\t<div class=\"elementor-element elementor-element-98cc397 e-flex e-con-boxed e-con e-parent\" data-id=\"98cc397\" data-element_type=\"container\" data-settings=\"{&quot;_ha_eqh_enable&quot;:false}\">\n\t\t\t\t\t<div class=\"e-con-inner\">\n\t\t<div class=\"elementor-element elementor-element-0fc1912 e-con-full e-flex e-con e-child\" data-id=\"0fc1912\" data-element_type=\"container\" data-settings=\"{&quot;_ha_eqh_enable&quot;:false}\">\n\t\t\t\t<div class=\"elementor-element elementor-element-5a6accf elementor-widget elementor-widget-image\" data-id=\"5a6accf\" data-element_type=\"widget\" data-widget_type=\"image.default\">\n\t\t\t\t<div class=\"elementor-widget-container\">\n\t\t\t\t\t\t\t\t\t\t\t\t\t\t\t<img decoding=\"async\" width=\"800\" height=\"800\" src=\"https:\/\/purehdx.me\/wp-content\/uploads\/2025\/07\/purehdlaptotpsuc.png\" class=\"attachment-large size-large wp-image-901\" alt=\"\" srcset=\"https:\/\/purehdx.me\/wp-content\/uploads\/2025\/07\/purehdlaptotpsuc.png 1024w, https:\/\/purehdx.me\/wp-content\/uploads\/2025\/07\/purehdlaptotpsuc-300x300.png 300w, https:\/\/purehdx.me\/wp-content\/uploads\/2025\/07\/purehdlaptotpsuc-150x150.png 150w, https:\/\/purehdx.me\/wp-content\/uploads\/2025\/07\/purehdlaptotpsuc-768x768.png 768w\" sizes=\"(max-width: 800px) 100vw, 800px\" \/>\t\t\t\t\t\t\t\t\t\t\t\t\t\t\t<\/div>\n\t\t\t\t<\/div>\n\t\t\t\t<\/div>\n\t\t<div class=\"elementor-element elementor-element-92323e1 e-con-full e-flex e-con e-child\" data-id=\"92323e1\" data-element_type=\"container\" data-settings=\"{&quot;_ha_eqh_enable&quot;:false}\">\n\t\t\t\t<div class=\"elementor-element elementor-element-b268f60 elementor-widget elementor-widget-heading\" data-id=\"b268f60\" data-element_type=\"widget\" data-widget_type=\"heading.default\">\n\t\t\t\t<div class=\"elementor-widget-container\">\n\t\t\t\t\t<h2 class=\"elementor-heading-title elementor-size-default\"><span class=\"txt-gradient\">Recognition &amp; Brand Protection\n<\/span><\/h2>\t\t\t\t<\/div>\n\t\t\t\t<\/div>\n\t\t\t\t<div class=\"elementor-element elementor-element-eafd924 elementor-widget elementor-widget-text-editor\" data-id=\"eafd924\" data-element_type=\"widget\" data-widget_type=\"text-editor.default\">\n\t\t\t\t<div class=\"elementor-widget-container\">\n\t\t\t\t\t\t\t\t\t<p>Pure HD\u2019s commitment to stability and picture-perfect streams has earned praise from review outlets such as <em data-start=\"146\" data-end=\"157\">IPTV Wire<\/em>, <em data-start=\"159\" data-end=\"170\">TroyPoint<\/em>, <em data-start=\"172\" data-end=\"188\">GeekyStreamers<\/em>, and <em data-start=\"194\" data-end=\"219\">TechRadar IPTV Round-Up<\/em>. As our audience grows, so do copy-cat sites.<\/p>\t\t\t\t\t\t\t\t<\/div>\n\t\t\t\t<\/div>\n\t\t\t\t<\/div>\n\t\t\t\t\t<\/div>\n\t\t\t\t<\/div>\n\t\t<div class=\"elementor-element elementor-element-de39ede e-flex e-con-boxed e-con e-parent\" data-id=\"de39ede\" data-element_type=\"container\" id=\"blob-zone\" data-settings=\"{&quot;_ha_eqh_enable&quot;:false}\">\n\t\t\t\t\t<div class=\"e-con-inner\">\n\t\t\t\t<div class=\"elementor-element elementor-element-cda054f elementor-widget elementor-widget-html\" data-id=\"cda054f\" data-element_type=\"widget\" data-widget_type=\"html.default\">\n\t\t\t\t<div class=\"elementor-widget-container\">\n\t\t\t\t\t<div class=\"blob-middle\"><\/div>\n\t\t\t\t<\/div>\n\t\t\t\t<\/div>\n\t\t<div class=\"elementor-element elementor-element-d0d3139 e-con-full e-flex e-con e-child\" data-id=\"d0d3139\" data-element_type=\"container\" data-settings=\"{&quot;_ha_eqh_enable&quot;:false}\">\n\t\t\t\t<div class=\"elementor-element elementor-element-40ccc54 elementor-widget elementor-widget-heading\" data-id=\"40ccc54\" data-element_type=\"widget\" data-widget_type=\"heading.default\">\n\t\t\t\t<div class=\"elementor-widget-container\">\n\t\t\t\t\t<h2 class=\"elementor-heading-title elementor-size-default\"><span class=\"txt-gradient\">What We Offer<\/span><\/h2>\t\t\t\t<\/div>\n\t\t\t\t<\/div>\n\t\t\t\t<div class=\"elementor-element elementor-element-20c6664 elementor-widget elementor-widget-text-editor\" data-id=\"20c6664\" data-element_type=\"widget\" data-widget_type=\"text-editor.default\">\n\t\t\t\t<div class=\"elementor-widget-container\">\n\t\t\t\t\t\t\t\t\t<p>Access <strong data-start=\"124\" data-end=\"149\">Mehr als 38.000 Live-Kan\u00e4le <\/strong><strong data-start=\"159\" data-end=\"196\">135 000+ movies &amp; 34 000+ series<\/strong>, from every corner of the globe, anytime you like. Pure HD combines rock-solid <strong data-start=\"232\" data-end=\"249\">99.9 % uptime<\/strong> with fan-favourite extras: built-in <strong data-start=\"286\" data-end=\"307\">parental controls<\/strong>, a rich <strong data-start=\"316\" data-end=\"323\">EPG<\/strong>, show recording, and perfectly secure multi-device streaming. Use one login on Smart TVs, smartphones, tablets, Fire TV, MAG boxes. No long-term contracts, and every plan starts with a <strong data-start=\"528\" data-end=\"550\">FREE 24-hour trial<\/strong> so you can experience the difference first-hand.<\/p>\t\t\t\t\t\t\t\t<\/div>\n\t\t\t\t<\/div>\n\t\t\t\t<\/div>\n\t\t<div class=\"elementor-element elementor-element-2353f18 e-con-full e-flex e-con e-child\" data-id=\"2353f18\" data-element_type=\"container\" data-settings=\"{&quot;_ha_eqh_enable&quot;:false}\">\n\t\t\t\t<div class=\"elementor-element elementor-element-476f835 elementor-widget elementor-widget-image\" data-id=\"476f835\" data-element_type=\"widget\" data-widget_type=\"image.default\">\n\t\t\t\t<div class=\"elementor-widget-container\">\n\t\t\t\t\t\t\t\t\t\t\t\t\t\t\t<img decoding=\"async\" width=\"800\" height=\"534\" src=\"https:\/\/purehdx.me\/wp-content\/uploads\/2025\/07\/phbgim-1024x683.png\" class=\"attachment-large size-large wp-image-907\" alt=\"\" srcset=\"https:\/\/purehdx.me\/wp-content\/uploads\/2025\/07\/phbgim-1024x683.png 1024w, https:\/\/purehdx.me\/wp-content\/uploads\/2025\/07\/phbgim-300x200.png 300w, https:\/\/purehdx.me\/wp-content\/uploads\/2025\/07\/phbgim-768x512.png 768w, https:\/\/purehdx.me\/wp-content\/uploads\/2025\/07\/phbgim.png 1536w\" sizes=\"(max-width: 800px) 100vw, 800px\" \/>\t\t\t\t\t\t\t\t\t\t\t\t\t\t\t<\/div>\n\t\t\t\t<\/div>\n\t\t\t\t<\/div>\n\t\t\t\t\t<\/div>\n\t\t\t\t<\/div>\n\t\t<div class=\"elementor-element elementor-element-4a99f0b e-flex e-con-boxed e-con e-parent\" data-id=\"4a99f0b\" data-element_type=\"container\" data-settings=\"{&quot;_ha_eqh_enable&quot;:false}\">\n\t\t\t\t\t<div class=\"e-con-inner\">\n\t\t<div class=\"elementor-element elementor-element-2bdaad7 e-con-full e-flex e-con e-child\" data-id=\"2bdaad7\" data-element_type=\"container\" data-settings=\"{&quot;_ha_eqh_enable&quot;:false}\">\n\t\t\t\t<div class=\"elementor-element elementor-element-32ebe65 elementor-widget elementor-widget-image\" data-id=\"32ebe65\" data-element_type=\"widget\" data-widget_type=\"image.default\">\n\t\t\t\t<div class=\"elementor-widget-container\">\n\t\t\t\t\t\t\t\t\t\t\t\t\t\t\t<img loading=\"lazy\" decoding=\"async\" width=\"800\" height=\"534\" src=\"https:\/\/purehdx.me\/wp-content\/uploads\/2025\/07\/phfamimg45-1024x683.png\" class=\"attachment-large size-large wp-image-916\" alt=\"\" srcset=\"https:\/\/purehdx.me\/wp-content\/uploads\/2025\/07\/phfamimg45-1024x683.png 1024w, https:\/\/purehdx.me\/wp-content\/uploads\/2025\/07\/phfamimg45-300x200.png 300w, https:\/\/purehdx.me\/wp-content\/uploads\/2025\/07\/phfamimg45-768x512.png 768w, https:\/\/purehdx.me\/wp-content\/uploads\/2025\/07\/phfamimg45.png 1536w\" sizes=\"(max-width: 800px) 100vw, 800px\" \/>\t\t\t\t\t\t\t\t\t\t\t\t\t\t\t<\/div>\n\t\t\t\t<\/div>\n\t\t\t\t<\/div>\n\t\t<div class=\"elementor-element elementor-element-f3cc4e7 e-con-full e-flex e-con e-child\" data-id=\"f3cc4e7\" data-element_type=\"container\" data-settings=\"{&quot;_ha_eqh_enable&quot;:false}\">\n\t\t\t\t<div class=\"elementor-element elementor-element-488124b elementor-widget elementor-widget-heading\" data-id=\"488124b\" data-element_type=\"widget\" data-widget_type=\"heading.default\">\n\t\t\t\t<div class=\"elementor-widget-container\">\n\t\t\t\t\t<h2 class=\"elementor-heading-title elementor-size-default\">Experience <span class=\"txt-gradient\">Reines HD<\/span> Now<\/h2>\t\t\t\t<\/div>\n\t\t\t\t<\/div>\n\t\t\t\t<div class=\"elementor-element elementor-element-16b2623 elementor-widget elementor-widget-text-editor\" data-id=\"16b2623\" data-element_type=\"widget\" data-widget_type=\"text-editor.default\">\n\t\t\t\t<div class=\"elementor-widget-container\">\n\t\t\t\t\t\t\t\t\t<p>Enjoy <strong data-start=\"124\" data-end=\"149\">Mehr als 38.000 Live-Kan\u00e4le <\/strong><strong data-start=\"159\" data-end=\"196\">135 000+ movies &amp; 34 000+ series\u00a0<\/strong>in full HD\/4K. Activate a <strong data-start=\"452\" data-end=\"474\">free 24-hour trial<\/strong> and stream on any device\u2014no contracts, cancel anytime.<\/p>\t\t\t\t\t\t\t\t<\/div>\n\t\t\t\t<\/div>\n\t\t<div class=\"elementor-element elementor-element-ba0f39a e-con-full e-flex e-con e-child\" data-id=\"ba0f39a\" data-element_type=\"container\" data-settings=\"{&quot;_ha_eqh_enable&quot;:false}\">\n\t\t\t\t<div class=\"elementor-element elementor-element-ce65ffd btn-rgb elementor-widget elementor-widget-button\" data-id=\"ce65ffd\" data-element_type=\"widget\" data-widget_type=\"button.default\">\n\t\t\t\t<div class=\"elementor-widget-container\">\n\t\t\t\t\t\t\t\t\t<div class=\"elementor-button-wrapper\">\n\t\t\t\t\t<a class=\"elementor-button elementor-button-link elementor-size-sm\" href=\"https:\/\/purehdservices.com\/step\/0200\/\">\n\t\t\t\t\t\t<span class=\"elementor-button-content-wrapper\">\n\t\t\t\t\t\t\t\t\t<span class=\"elementor-button-text\">Start Your 24-Hr Trial<\/span>\n\t\t\t\t\t<\/span>\n\t\t\t\t\t<\/a>\n\t\t\t\t<\/div>\n\t\t\t\t\t\t\t\t<\/div>\n\t\t\t\t<\/div>\n\t\t\t\t<div class=\"elementor-element elementor-element-23bcdae btn-rgb elementor-widget elementor-widget-button\" data-id=\"23bcdae\" data-element_type=\"widget\" data-widget_type=\"button.default\">\n\t\t\t\t<div class=\"elementor-widget-container\">\n\t\t\t\t\t\t\t\t\t<div class=\"elementor-button-wrapper\">\n\t\t\t\t\t<a class=\"elementor-button elementor-button-link elementor-size-sm\" href=\"https:\/\/purehdx.me\/de\/pricing\/\">\n\t\t\t\t\t\t<span class=\"elementor-button-content-wrapper\">\n\t\t\t\t\t\t\t\t\t<span class=\"elementor-button-text\">Pl\u00e4ne und Preise anzeigen<\/span>\n\t\t\t\t\t<\/span>\n\t\t\t\t\t<\/a>\n\t\t\t\t<\/div>\n\t\t\t\t\t\t\t\t<\/div>\n\t\t\t\t<\/div>\n\t\t\t\t<\/div>\n\t\t\t\t<\/div>\n\t\t\t\t\t<\/div>\n\t\t\t\t<\/div>\n\t\t\t\t<\/div>","protected":false},"excerpt":{"rendered":"<p>Pure HD elevates every screen Welcome to PURE HD, your one-stop gateway to world-class entertainment. Tap into 38,000+ live channels, 135 000+ movies &amp; 34 000+ series, all streamed in crystal-clear HD and 4K\u2014wherever you are. Our service is built for modern viewers: lightning-fast activation, secure checkout, and seamless playback across Smart TVs, Fire Stick, [&hellip;]<\/p>","protected":false},"author":1,"featured_media":0,"parent":0,"menu_order":0,"comment_status":"closed","ping_status":"closed","template":"elementor_header_footer","meta":{"footnotes":""},"class_list":["post-840","page","type-page","status-publish","hentry"],"_links":{"self":[{"href":"https:\/\/purehdx.me\/de\/wp-json\/wp\/v2\/pages\/840","targetHints":{"allow":["GET"]}}],"collection":[{"href":"https:\/\/purehdx.me\/de\/wp-json\/wp\/v2\/pages"}],"about":[{"href":"https:\/\/purehdx.me\/de\/wp-json\/wp\/v2\/types\/page"}],"author":[{"embeddable":true,"href":"https:\/\/purehdx.me\/de\/wp-json\/wp\/v2\/users\/1"}],"replies":[{"embeddable":true,"href":"https:\/\/purehdx.me\/de\/wp-json\/wp\/v2\/comments?post=840"}],"version-history":[{"count":50,"href":"https:\/\/purehdx.me\/de\/wp-json\/wp\/v2\/pages\/840\/revisions"}],"predecessor-version":[{"id":1325,"href":"https:\/\/purehdx.me\/de\/wp-json\/wp\/v2\/pages\/840\/revisions\/1325"}],"wp:attachment":[{"href":"https:\/\/purehdx.me\/de\/wp-json\/wp\/v2\/media?parent=840"}],"curies":[{"name":"wp","href":"https:\/\/api.w.org\/{rel}","templated":true}]}}